{"id":99,"date":"2015-01-20T11:49:03","date_gmt":"2015-01-20T11:49:03","guid":{"rendered":"http:\/\/www.amsat-ct.pt\/?page_id=99"},"modified":"2025-03-15T16:15:49","modified_gmt":"2025-03-15T16:15:49","slug":"corpos-sociais","status":"publish","type":"page","link":"https:\/\/www.amsat-ct.pt\/?page_id=99","title":{"rendered":"Corpos Sociais"},"content":{"rendered":"<h3 style=\"text-align: justify;\"><span style=\"color: #000080;\">Assembleia Geral Constituinte,<\/span><\/h3>\n<p style=\"text-align: justify;\">Ocorre num dia de sinergias pela reafirma\u00e7\u00e3o da Cidadania Activa, quando se reuniram 28 cidad\u00e3os juntos com mais 3 organismos Associativos, que na condi\u00e7\u00e3o de autores, de fundadores e de parceiros activos, se decidem reconstituir na figura jur\u00eddica de S\u00f3cios Fundadores para refundar e constituir de ora em diante o antigo e Ex-Observat\u00f3rio Ambiental de Teledetec\u00e7\u00e3o Atmosf\u00e9rica e Comunica\u00e7\u00f5es Aeroespaciais criado em 1998 pela <strong>LIGA DO MAR &#8211; MAR AZUL<\/strong>, que fica mais tarde conhecido pela denomina\u00e7\u00e3o abreviada de <strong>Observat\u00f3rio Aeroespacial de Oeiras<\/strong> (ex-CS1MAR, depois ex-CS1RAD) que doravante se constitu\u00ed em Pessoa Colectiva de Direito Privado, como ONG para a Educa\u00e7\u00e3o e Desenvolvimento, centrado no ensino experimental das Ci\u00eancias Radioel\u00e9ctricas e Aeroespaciais, constitu\u00eddo em um organismo associativo aut\u00f3nomo, que no \u00e2mbito do Servi\u00e7o Emissor dos Postos de Amador e Amador por Sat\u00e9lite enquadrado na figura jur\u00eddica definida pelo Decreto-Lei 53\/2009 de 2 de Mar\u00e7o recebe a denomina\u00e7\u00e3o de <strong>Associa\u00e7\u00e3o Observat\u00f3rio Aeroespacial Amadores de Sat\u00e9lite &#8211; CT<\/strong> a <strong>AMSAT-CT <\/strong><em>(que teve inicio em 1987, mas foi consolidada em 1998, integrada no \u00e2mbito da parceria inicialmente estabelecida com a <strong>REP &#8211; Rede Emissores Portugueses<\/strong> e em 2002 quando a <strong>LIGA DO MAR<\/strong> se autonomiza do Protocolo celebrado com a REP e fundou a AMRAD que, no quadro de uma parceria com fins educativos celebrada com o IST em 2004, acabou por ser esbulhada em 2009, espoliados os seus bens, por dois professores e alguns alunos do IST-Tagus, logo depois de criado e instalado o CS5CEP uma esta\u00e7\u00e3o de rastreio de sat\u00e9lites, constru\u00edda em 2004 com meios t\u00e9cnicos da LIGA DO MAR (financiados \u00e0 LIGA DO MAR em 1998 pelo CI\u00caNCIA VIVA) e com meios dos seus autores, compostos por um grupo de jovens e mun\u00edcipes oeirenses, entre 2004 e 2009, s\u00e3o expulsos do IST e impedidos pelos dois professores que se apropriaram quer da autoria, quer dos bens dedicados ao projecto, emprestados ao IST, que ainda n\u00e3o os devolveram).<\/em><\/p>\n<p>A AMSAT-CT \u00e9 ainda um <strong>OVPC &#8211; Organismo de Voluntariado de Protec\u00e7\u00e3o Civil<\/strong> que est\u00e1 acreditado junto da <strong>ANEPC a Autoridade Nacional de Emerg\u00eancia e Protec\u00e7\u00e3o Civil<\/strong> (no \u00e2mbito da Portaria 91\/2017 de 2 de Mar\u00e7o).<\/p>\n<p style=\"text-align: justify;\">Foram eleitos na Assembleia Geral Constituinte, do dia 9 de Janeiro de 2015 os \u00d3rg\u00e3os Sociais da <strong>Associa\u00e7\u00e3o OBSERVAT\u00d3RIO AEROESPACIAL AMADORES DE SAT\u00c9LITE &#8211; CT (AMSAT-CT).<\/strong><\/p>\n<p style=\"text-align: justify;\"><strong>No presente mandato a AMSAT-CT mant\u00e9m em 2025-2029 a seguinte constitui\u00e7\u00e3o dos seus \u00d3rg\u00e3os Sociais, a saber:<\/strong><\/p>\n<p style=\"text-align: justify;\"><span style=\"color: #000080;\"><strong>\u00d3rg\u00e3os Sociais<\/strong><\/span><\/p>\n<p style=\"text-align: justify;\"><span style=\"color: #000080;\"><strong>Mesa da Assembleia Geral<\/strong><br \/>\n<\/span>Presidente &#8211; Diogo Ferreira CT2HPN<br \/>\nVice-Presidente &#8211; V\u00edtor Barros CT1FNG<br \/>\nSecret\u00e1rio &#8211; Gustavo Encarna\u00e7\u00e3o CS7ATL<\/p>\n<p style=\"text-align: justify;\"><span style=\"color: #000080;\"><strong>Direc\u00e7\u00e3o Executiva<\/strong><br \/>\n<\/span>Presidente &#8211; Mariano Gon\u00e7alves CT1XI<br \/>\nVice-Presidente &#8211; Lu\u00eds Miguel CT4UE<br \/>\nTesoureiro &#8211; Diogo Sentieiro CT2HEW<\/p>\n<div style=\"text-align: justify;\">\n<p><span style=\"color: #000080;\"> <strong>Conselho Fiscal<\/strong><br \/>\n<\/span>Presidente &#8211; Luiz Dias CT1EPR<br \/>\n<span style=\"line-height: 1.5;\">Vice-Presidente &#8211; Rui Martins CT1EBH<br \/>\n<\/span><span style=\"line-height: 1.5;\">Secret\u00e1rio &#8211; Nuno Fr\u00f3is CT1EBM<\/span><\/p>\n<p style=\"text-align: justify;\">AMSAT-CT 2025-2029<\/p>\n<\/div>\n","protected":false},"excerpt":{"rendered":"<p>Assembleia Geral Constituinte, Ocorre num dia de sinergias pela reafirma\u00e7\u00e3o da Cidadania Activa, quando se reuniram 28 cidad\u00e3os juntos com mais 3 organismos Associativos, que na condi\u00e7\u00e3o de autores, de fundadores e de parceiros activos, se decidem reconstituir na figura jur\u00eddica de S\u00f3cios Fundadores para refundar e constituir de ora em diante o antigo e [&hellip;]<\/p>\n","protected":false},"author":2,"featured_media":0,"parent":19,"menu_order":0,"comment_status":"open","ping_status":"closed","template":"","meta":{"footnotes":""},"class_list":["post-99","page","type-page","status-publish","hentry"],"_links":{"self":[{"href":"https:\/\/www.amsat-ct.pt\/index.php?rest_route=\/wp\/v2\/pages\/99","targetHints":{"allow":["GET"]}}],"collection":[{"href":"https:\/\/www.amsat-ct.pt\/index.php?rest_route=\/wp\/v2\/pages"}],"about":[{"href":"https:\/\/www.amsat-ct.pt\/index.php?rest_route=\/wp\/v2\/types\/page"}],"author":[{"embeddable":true,"href":"https:\/\/www.amsat-ct.pt\/index.php?rest_route=\/wp\/v2\/users\/2"}],"replies":[{"embeddable":true,"href":"https:\/\/www.amsat-ct.pt\/index.php?rest_route=%2Fwp%2Fv2%2Fcomments&post=99"}],"version-history":[{"count":25,"href":"https:\/\/www.amsat-ct.pt\/index.php?rest_route=\/wp\/v2\/pages\/99\/revisions"}],"predecessor-version":[{"id":2542,"href":"https:\/\/www.amsat-ct.pt\/index.php?rest_route=\/wp\/v2\/pages\/99\/revisions\/2542"}],"up":[{"embeddable":true,"href":"https:\/\/www.amsat-ct.pt\/index.php?rest_route=\/wp\/v2\/pages\/19"}],"wp:attachment":[{"href":"https:\/\/www.amsat-ct.pt\/index.php?rest_route=%2Fwp%2Fv2%2Fmedia&parent=99"}],"curies":[{"name":"wp","href":"https:\/\/api.w.org\/{rel}","templated":true}]}}