{"id":806,"date":"2015-01-27T08:22:13","date_gmt":"2015-01-27T08:22:13","guid":{"rendered":"http:\/\/www.amsat-ct.pt\/?page_id=806"},"modified":"2015-01-31T15:33:11","modified_gmt":"2015-01-31T15:33:11","slug":"visao-missao-e-valores","status":"publish","type":"page","link":"https:\/\/www.amsat-ct.pt\/?page_id=806","title":{"rendered":"Vis\u00e3o, Miss\u00e3o e Valores"},"content":{"rendered":"<h5 style=\"text-align: justify;\"><span style=\"color: #000080;\">Vis\u00e3o:<\/span><\/h5>\n<p style=\"text-align: justify;\">Lutamos e trabalhamos incessantemente desde 1987\u00a0por sermos um grupo de trabalho dentro de\u00a0um organiza\u00e7\u00e3o n\u00e3o-governamental de refer\u00eancia e sem fins lucrativos, separados da pol\u00edtica e\u00a0das religi\u00f5es, independentes de\u00a0grupos de press\u00e3o empresariais,\u00a0sem\u00a0conflitos de interesse, sejam acad\u00e9micos ou corporativos.<\/p>\n<p style=\"text-align: justify;\">Estamos\u00a0baseados na cidadania enquanto exerc\u00edcio\u00a0dos direitos e dos deveres civis e sociais atrav\u00e9s do\u00a0voluntariado, tendo por fim, a constru\u00e7\u00e3o de uma sociedade inclusiva, focados em despertar voca\u00e7\u00f5es escolares e profissionais, com o fim de\u00a0ajudar a\u00a0sociedade a educar e criar\u00a0cidad\u00e3os mais sensibilizados e dotados de saber e compet\u00eancias escolares e profissionais, capazes de atrav\u00e9s de uma economia baseada no conhecimento, serem suscept\u00edveis de elevar a competitividade, produzir riqueza, com motiva\u00e7\u00e3o e bem-estar social de todos.<\/p>\n<h5 style=\"text-align: justify;\"><span style=\"color: #000080;\">Miss\u00e3o:<\/span><\/h5>\n<p style=\"text-align: justify;\">Integrar, mediante a cria\u00e7\u00e3o de factores de socializa\u00e7\u00e3o e de protec\u00e7\u00e3o, incluindo\u00a0importantes aspectos focados na preven\u00e7\u00e3o prim\u00e1ria de comportamentos desviantes e aditivos. Trabalhar voluntaria e gratuitamente para formar e treinar, reunindo meios e criando condi\u00e7\u00f5es para ac\u00e7\u00f5es de educa\u00e7\u00e3o n\u00e3o-formal\u00a0atrav\u00e9s do ensino experimental das ci\u00eancias, da aplica\u00e7\u00e3o e explora\u00e7\u00e3o dos meios e tecnologias ligados com as tem\u00e1ticas da radioelectricidade, atrav\u00e9s do radioamadorismo,\u00a0radiomodelismo e\u00a0radioescutismo, partilhando\u00a0com\u00a0as comunidades, as escolas, os jovens alunos e escu(o)tistas os\u00a0recursos criados com sustentabilidade pela associa\u00e7\u00e3o.<\/p>\n<h5 style=\"text-align: justify;\"><span style=\"color: #000080;\">Valores<\/span><\/h5>\n<p style=\"text-align: justify;\">Procurar continuadamente a melhoria da qualidade pedag\u00f3gica e cognitiva das ac\u00e7\u00f5es educativas e ocupacionais, dirigidas \u00e0s\u00a0crian\u00e7as, jovens e adultos, tornando a associa\u00e7\u00e3o num agente educativo cred\u00edvel e capaz.<\/p>\n<p style=\"text-align: justify;\">Pautar a nossa conduta por princ\u00edpios de respeito e lealdade, cordialidade, responsabilidade, confian\u00e7a e transpar\u00eancia na rela\u00e7\u00e3o com os associados, volunt\u00e1rios, comunidade, administra\u00e7\u00e3o central e local, outras organiza\u00e7\u00f5es da sociedade civil, acad\u00e9micas, empresariais e associativas.<\/p>\n<p style=\"text-align: justify;\">Acrescentar valor ao pa\u00eds atrav\u00e9s do esfor\u00e7o coletivo e do trabalho em rede, valorizando a complementaridade, as compet\u00eancias e as realiza\u00e7\u00f5es individuais em prol da miss\u00e3o e fins da associa\u00e7\u00e3o, junto dos organismos nacionais, europeus e internacionais, privilegiando os pa\u00edses de express\u00e3o portuguesa.<\/p>\n<p style=\"text-align: justify;\">Assumir responsabilidade c\u00edvica e social, no sentido da constru\u00e7\u00e3o de uma sociedade mais justa e inclusiva. N\u00e3o permitir que qualquer\u00a0grau de qualifica\u00e7\u00e3o acad\u00e9mica e pessoal, se torne num mecanismo\u00a0humano e social, suscept\u00edvel de conduzir esse ser \u00e0 arrog\u00e2ncia e ao menosprezo pelo seu pr\u00f3ximo.<\/p>\n<p style=\"text-align: justify;\">Abertos \u00e0 mudan\u00e7a, inova\u00e7\u00e3o e empreendorismo, promovendo o desenvolvimento tecnol\u00f3gico de forma educativa e sustent\u00e1vel focados na habilita\u00e7\u00e3o, do ambiente e tecnologias de comunica\u00e7\u00e3o.<\/p>\n<p style=\"text-align: justify;\">Contribuir para a melhoria e qualidade do ambiente, da ecologia social e urbana, sensibilizando e atuando para a efici\u00eancia energ\u00e9tica, a redu\u00e7\u00e3o de desperd\u00edcios, a reutiliza\u00e7\u00e3o e o respeito pelos recursos naturais.<\/p>\n","protected":false},"excerpt":{"rendered":"<p>Vis\u00e3o: Lutamos e trabalhamos incessantemente desde 1987\u00a0por sermos um grupo de trabalho dentro de\u00a0um organiza\u00e7\u00e3o n\u00e3o-governamental de refer\u00eancia e sem fins lucrativos, separados da pol\u00edtica e\u00a0das religi\u00f5es, independentes de\u00a0grupos de press\u00e3o empresariais,\u00a0sem\u00a0conflitos de interesse, sejam acad\u00e9micos ou corporativos. Estamos\u00a0baseados na cidadania enquanto exerc\u00edcio\u00a0dos direitos e dos deveres civis e sociais atrav\u00e9s do\u00a0voluntariado, tendo por fim, [&hellip;]<\/p>\n","protected":false},"author":1,"featured_media":0,"parent":19,"menu_order":0,"comment_status":"open","ping_status":"open","template":"","meta":{"footnotes":""},"class_list":["post-806","page","type-page","status-publish","hentry"],"_links":{"self":[{"href":"https:\/\/www.amsat-ct.pt\/index.php?rest_route=\/wp\/v2\/pages\/806","targetHints":{"allow":["GET"]}}],"collection":[{"href":"https:\/\/www.amsat-ct.pt\/index.php?rest_route=\/wp\/v2\/pages"}],"about":[{"href":"https:\/\/www.amsat-ct.pt\/index.php?rest_route=\/wp\/v2\/types\/page"}],"author":[{"embeddable":true,"href":"https:\/\/www.amsat-ct.pt\/index.php?rest_route=\/wp\/v2\/users\/1"}],"replies":[{"embeddable":true,"href":"https:\/\/www.amsat-ct.pt\/index.php?rest_route=%2Fwp%2Fv2%2Fcomments&post=806"}],"version-history":[{"count":17,"href":"https:\/\/www.amsat-ct.pt\/index.php?rest_route=\/wp\/v2\/pages\/806\/revisions"}],"predecessor-version":[{"id":1133,"href":"https:\/\/www.amsat-ct.pt\/index.php?rest_route=\/wp\/v2\/pages\/806\/revisions\/1133"}],"up":[{"embeddable":true,"href":"https:\/\/www.amsat-ct.pt\/index.php?rest_route=\/wp\/v2\/pages\/19"}],"wp:attachment":[{"href":"https:\/\/www.amsat-ct.pt\/index.php?rest_route=%2Fwp%2Fv2%2Fmedia&parent=806"}],"curies":[{"name":"wp","href":"https:\/\/api.w.org\/{rel}","templated":true}]}}