{"id":32,"date":"2015-01-17T21:38:18","date_gmt":"2015-01-17T21:38:18","guid":{"rendered":"http:\/\/www.amsat-ct.pt\/?page_id=32"},"modified":"2015-02-18T09:58:34","modified_gmt":"2015-02-18T09:58:34","slug":"sobre-nos","status":"publish","type":"page","link":"https:\/\/www.amsat-ct.pt\/?page_id=32","title":{"rendered":"Sobre n\u00f3s"},"content":{"rendered":"<div id=\"attachment_33\" style=\"width: 439px\" class=\"wp-caption alignleft\"><a href=\"https:\/\/www.amsat-ct.pt\/wp-content\/uploads\/2015\/01\/Observatori_Oeiras.jpg\"><img loading=\"lazy\" decoding=\"async\" aria-describedby=\"caption-attachment-33\" class=\"wp-image-33\" title=\"Observat\u00f3rio de Oeiras\" src=\"https:\/\/www.amsat-ct.pt\/wp-content\/uploads\/2015\/01\/Observatori_Oeiras.jpg\" alt=\"observatorio_cs1mar\" width=\"429\" height=\"312\" \/><\/a><p id=\"caption-attachment-33\" class=\"wp-caption-text\">Vista parcial do parque de antenas de ondas curtas e sat\u00e9lites, do Observat\u00f3rio Aeroespacial no Centro de Juventude de Oeiras<\/p><\/div>\n<p style=\"text-align: justify;\"><span style=\"color: #000080;\"><strong><span style=\"color: #000080;\">O projecto nasce em 1987 inspirado na<\/span> <a style=\"color: #000080;\" href=\"http:\/\/raleighinternational.org\/about-raleigh\/our-history\" target=\"_blank\"><span style=\"text-decoration: underline;\">OPERATION RALEIGH<\/span>\u00a0<\/a><\/strong><strong><span style=\"color: #000080;\">\u00a0e\u00a0Opera\u00e7\u00e3o INFANTE SAGRES, originalmente funcionou na antiga Escola de Pesca e da Marinha de Com\u00e9rcio em Pedrou\u00e7os, mas\u00a0veio a sediar-se em 1998 no concelho de Oeiras, com a cria\u00e7\u00e3o do Observat\u00f3rio Ambiental de Teledetec\u00e7\u00e3o Atmosf\u00e9rica e Comunica\u00e7\u00f5es Aeroespaciais, instalado no Centro de Juventude de Oeiras at\u00e9 2013<\/span>.\u00a0<\/strong><\/span><\/p>\n<p style=\"text-align: justify;\">\u200bCriado pela LIGA DO MAR uma ONG de Ambiente que sucede \u00e0 Opera\u00e7\u00e3o INFANTE SAGRES, o <em>Observat\u00f3rio Aeroespacial de Oeiras<\/em> como depois ficou conhecido,\u00a0foi operacionalizado atrav\u00e9s de uma parceria entre a Liga e a Rede dos Emissores Portugueses que assim colocaram em funcionamento o posto emissor de amador CS1MAR, que funcionou at\u00e9 2001.<\/p>\n<p style=\"text-align: justify;\">Depois de terminada a parceria da Liga com a REP, a LIGA DO MAR parte em conjunto com a <a href=\"http:\/\/www.qsl.net\/arist\/\">ARIST (a Associa\u00e7\u00e3o de Radioamadores do IST-Instituto Superior T\u00e9cnico)<\/a> para ent\u00e3o fundarem a\u00a0AMRAD no ano de 2002. Esta decis\u00e3o teve por fim, dar autonomia aos projectos educativos, criando\u00a0uma associa\u00e7\u00e3o com uma figura jur\u00eddica pr\u00f3pria que face \u00e0 determina\u00e7\u00e3o\u00a0legislativa definida pela ANACOM e a CEPT, pudessem ser geridos os meios radioel\u00e9ctricos empregues no funcionamento do Observat\u00f3rio Aeroespacial.<\/p>\n<p style=\"text-align: justify;\">Por direitos de autor e por direitos conexos, o Observat\u00f3rio Aeroespacial de Oeiras associa-se a dois grandes movimentos internacionais exclusivamente dedicados \u00e0\u00a0educa\u00e7\u00e3o, \u00e0s\u00a0ci\u00eancias e\u00a0explora\u00e7\u00e3o espacial, constituindo-se como AMSAT-CT e integrando-se e inserindo Portugal em 2001 como membro pleno da <a href=\"http:\/\/www.ariss-eu.org\/\">ARISS-Europe <\/a>o lado europeu\u00a0da <a href=\"http:\/\/www.ariss.org\/\">ARISS-International<\/a>.<\/p>\n<div id=\"attachment_609\" style=\"width: 384px\" class=\"wp-caption alignright\"><a href=\"https:\/\/www.amsat-ct.pt\/wp-content\/uploads\/2015\/01\/cs1mar1_2000.png\"><img loading=\"lazy\" decoding=\"async\" aria-describedby=\"caption-attachment-609\" class=\"wp-image-609 \" src=\"https:\/\/www.amsat-ct.pt\/wp-content\/uploads\/2015\/01\/cs1mar1_2000-300x203.png\" alt=\"cs1mar_1999\" width=\"374\" height=\"253\" \/><\/a><p id=\"caption-attachment-609\" class=\"wp-caption-text\">Observat\u00f3rio Aeroespacial CS1MAR<\/p><\/div>\n<p style=\"text-align: justify;\">Desactivada a ARIST em Setembro de 2001, a\u00a0LIGA DO MAR prossegue estas actividades ligadas ao radioamadorismo educativo e tecnol\u00f3gico atrav\u00e9s da figura jur\u00eddica da AMRAD (face ao Decreto-Lei n.\u00ba 5\/1995 de 5 de Janeiro que fixa o regime de utiliza\u00e7\u00e3o do servi\u00e7o de amador de radiocomunica\u00e7\u00f5es, depois revogado pelo actual Decreto-Lei 53\/2009 de 2 de Mar\u00e7o), passando a partilhar o vasto acervo e os meios t\u00e9cnicos que desde 1987 os seus autores e fundadores iam reunindo,\u00a0integrando e partilhando\u00a0atrav\u00e9s dos programas educativos at\u00e9 ent\u00e3o criados, quer pela Liga do Mar, quer pela ARIST que \u00e9 parceira do projecto entre\u00a01999 e 2001, operacionalizando as actividades que ininterruptamente funcionaram at\u00e9 \u00e0 presente autonomiza\u00e7\u00e3o em 2014 do Observat\u00f3rio Aeroespacial pela sua constitui\u00e7\u00e3o em organismo associativo ao abrigo da regula\u00e7\u00e3o do Servi\u00e7o de Amador e Amador por Sat\u00e9lite, desvinculando-se o Observat\u00f3rio em 2014, quer da\u00a0AMRAD, quer\u00a0do projecto do <a href=\"http:\/\/cep.ist.utl.pt\/index.php?n=Main.People\">CEP<\/a> no IST-Taguspark que os autores e dirigentes do Observat\u00f3rio Aeroespacial em parceria com o IST criaram em 2006.<!--more--><\/p>\n<p class=\"font_8\" style=\"text-align: justify;\">AMSAT-CT 2015<\/p>\n","protected":false},"excerpt":{"rendered":"<p>O projecto nasce em 1987 inspirado na OPERATION RALEIGH\u00a0\u00a0e\u00a0Opera\u00e7\u00e3o INFANTE SAGRES, originalmente funcionou na antiga Escola de Pesca e da Marinha de Com\u00e9rcio em Pedrou\u00e7os, mas\u00a0veio a sediar-se em 1998 no concelho de Oeiras, com a cria\u00e7\u00e3o do Observat\u00f3rio Ambiental de Teledetec\u00e7\u00e3o Atmosf\u00e9rica e Comunica\u00e7\u00f5es Aeroespaciais, instalado no Centro de Juventude de Oeiras at\u00e9 2013.\u00a0 [&hellip;]<\/p>\n","protected":false},"author":1,"featured_media":0,"parent":19,"menu_order":0,"comment_status":"open","ping_status":"open","template":"","meta":{"footnotes":""},"class_list":["post-32","page","type-page","status-publish","hentry"],"_links":{"self":[{"href":"https:\/\/www.amsat-ct.pt\/index.php?rest_route=\/wp\/v2\/pages\/32","targetHints":{"allow":["GET"]}}],"collection":[{"href":"https:\/\/www.amsat-ct.pt\/index.php?rest_route=\/wp\/v2\/pages"}],"about":[{"href":"https:\/\/www.amsat-ct.pt\/index.php?rest_route=\/wp\/v2\/types\/page"}],"author":[{"embeddable":true,"href":"https:\/\/www.amsat-ct.pt\/index.php?rest_route=\/wp\/v2\/users\/1"}],"replies":[{"embeddable":true,"href":"https:\/\/www.amsat-ct.pt\/index.php?rest_route=%2Fwp%2Fv2%2Fcomments&post=32"}],"version-history":[{"count":17,"href":"https:\/\/www.amsat-ct.pt\/index.php?rest_route=\/wp\/v2\/pages\/32\/revisions"}],"predecessor-version":[{"id":1863,"href":"https:\/\/www.amsat-ct.pt\/index.php?rest_route=\/wp\/v2\/pages\/32\/revisions\/1863"}],"up":[{"embeddable":true,"href":"https:\/\/www.amsat-ct.pt\/index.php?rest_route=\/wp\/v2\/pages\/19"}],"wp:attachment":[{"href":"https:\/\/www.amsat-ct.pt\/index.php?rest_route=%2Fwp%2Fv2%2Fmedia&parent=32"}],"curies":[{"name":"wp","href":"https:\/\/api.w.org\/{rel}","templated":true}]}}