{"id":2005,"date":"2015-03-28T11:45:02","date_gmt":"2015-03-28T11:45:02","guid":{"rendered":"http:\/\/www.amsat-ct.pt\/?page_id=2005"},"modified":"2015-04-12T06:39:00","modified_gmt":"2015-04-12T06:39:00","slug":"voluntarios-e-candidatos-a-dirigentes","status":"publish","type":"page","link":"https:\/\/www.amsat-ct.pt\/?page_id=2005","title":{"rendered":"VOLUNT\u00c1RIOS E COORDENADORES TEM\u00c1TICOS"},"content":{"rendered":"<p style=\"text-align: justify;\"><strong>O Voluntariado no Observat\u00f3rio Aeroespacial AMSAT-CT<\/strong><\/p>\n<p style=\"text-align: justify;\">Como outros organismos associativos sem fins lucrativos que funcionam das contribui\u00e7\u00f5es e compet\u00eancias volunt\u00e1rias dos associados. Tamb\u00e9m a AMSAT-CT carece de volunt\u00e1rios com diferentes graus de qualifica\u00e7\u00e3o.<\/p>\n<ul style=\"text-align: justify;\">\n<li>Caso se sinta motivado e habilitado nas \u00e1reas tem\u00e1ticas e tecnol\u00f3gicas que aqui versamos;<\/li>\n<li>Caso deseje ser parte activa da obra associativa da AMSAT-CT e para tanto se sinta habilitado para ensinar, treinar, estudar, desenvolver e projetar, operacionalizar recursos, construir m\u00f3dulos e integrar sistemas modulares, instalar esta\u00e7\u00f5es de rastreio de sat\u00e9lites, manter dispositivos terrestres e aeroespaciais de teledetec\u00e7\u00e3o ambiental e atmosf\u00e9rica;<\/li>\n<li>Caso esteja empenhado a dispor 4 ou 8 horas de trabalho semanal gratuito;<\/li>\n<\/ul>\n<p style=\"text-align: justify;\">A AMSAT-CT e os amadores de sat\u00e9lite de todo o mundo, precisam de pessoas com vasta gama de compet\u00eancias e conhecimentos tecnol\u00f3gicos e cient\u00edficos multidisciplinares, que estejam dispon\u00edveis para ajudar a educar, a estudar e desenvolver, a construir e explorar dispositivos radioel\u00e9ctricos, electr\u00f3nicos, aeron\u00e1uticos e inform\u00e1ticos, que sejam suscept\u00edveis de ser usados por amadores de sat\u00e9lite, que possam ser partilhados com crian\u00e7as e jovens em idade escolar, ajudando a despertar nelas voca\u00e7\u00f5es profissionais.<\/p>\n<p style=\"text-align: justify;\">Quais s\u00e3o as \u00e1reas tecnol\u00f3gicas e o grau de experi\u00eancia no estudo e desenvolvimento de sistemas aeroespaciais e de sat\u00e9lites:<\/p>\n<ul style=\"text-align: justify;\">\n<li>Antenas e linhas de transmiss\u00e3o;<\/li>\n<li>Propaga\u00e7\u00e3o;<\/li>\n<li>Inform\u00e1tica e redes digitais;<\/li>\n<li>Protec\u00e7\u00e3o t\u00e9rmica;<\/li>\n<li>Sistemas de energia;<\/li>\n<li>Sistemas de RF;<\/li>\n<li>Sistemas radiantes;<\/li>\n<li>Housekeeping Interno (IHU), sistemas de comando e controle de hardware;<\/li>\n<li>Design de software IHU (tecnologias DSP e SDR);<\/li>\n<li>Layout e constru\u00e7\u00e3o de PCB;<\/li>\n<li>Engenharia de Sistemas;<\/li>\n<li>Planeamento e execu\u00e7\u00e3o laboratorial de testes de qualifica\u00e7\u00e3o e aprova\u00e7\u00e3o;<\/li>\n<li>Compatibilidade electromagn\u00e9tica;<\/li>\n<li>Projeto mec\u00e2nico e constru\u00e7\u00e3o CAD;<\/li>\n<li>Testes mec\u00e2nicos e ambientais;<\/li>\n<li>Desenvolvimento de hardware e software de esta\u00e7\u00f5es terrenas.<\/li>\n<\/ul>\n<p style=\"text-align: justify;\">Caso disponha de experi\u00eancia t\u00e9cnica profissional e acad\u00e9mica em hardware e software, com experi\u00eancia comprovada, suscept\u00edvel de ser aplic\u00e1vel ao estudo e projeto modular de sat\u00e9lites, entre em contato com a AMSAT-CT.<\/p>\n<p style=\"text-align: justify;\"><strong>Comunica\u00e7\u00e3o e WEB Design AMSAT-CT<\/strong><\/p>\n<p style=\"text-align: justify;\">Caso se sinta habilitado para trabalhar em jornalismo cient\u00edfico e webdesign junte-se \u00e0 Noticias da AMSAT (em portugu\u00eas), para edi\u00e7\u00e3o e informa\u00e7\u00f5es sobre o radioamadorismo no espa\u00e7o e actividades conexas.<\/p>\n<p style=\"text-align: justify;\">Pode prestar apoio geral \u00e0 AMSAT-CT nas seguintes \u00e1reas:<\/p>\n<ul style=\"text-align: justify;\">\n<li>Web design e manuten\u00e7\u00e3o;<\/li>\n<li>Grava\u00e7\u00e3o e edi\u00e7\u00e3o de v\u00eddeos, convers\u00e3o digital<\/li>\n<\/ul>\n<p style=\"text-align: justify;\"><strong>Actividades educativas<\/strong><\/p>\n<p style=\"text-align: justify;\">Ajude a promover a cultura tecnol\u00f3gica e cient\u00edfica. Seja um coordenador local ou regional, crie um Observat\u00f3rio Aeroespacial AMSAT-CT na sua regi\u00e3o.<\/p>\n<p style=\"text-align: justify;\">Trabalhe em qualquer outra \u00e1rea que considerar que pode fazer a diferen\u00e7a educativa, isto porque a:<\/p>\n<ul>\n<li style=\"text-align: justify;\">AMSAT-CT \u00e9 uma ONG de volunt\u00e1rios, baseada no radioamadorismo educativo de base tecnol\u00f3gica e cient\u00edfica dirigida para o estudo e explora\u00e7\u00e3o espacial e ambiental;<\/li>\n<li style=\"text-align: justify;\">AMSAT-CT trabalha em associa\u00e7\u00e3o a partir das contribui\u00e7\u00f5es gratuitas e volunt\u00e1rios dos seus membros. Se sente que disp\u00f5e de qualifica\u00e7\u00e3o e quer contribuir, escolhauma \u00e1rea tem\u00e1tica, que possa contribuir e dirigir, n\u00f3s apoiamos;<\/li>\n<li style=\"text-align: justify;\">AMSAT-CT tem actividade de facto desde 1998, est\u00e1 integrada numa ampla rede internacional de associa\u00e7\u00f5es AMSAT, com as quais todos partilhamos recursos e voluntariamente contribu\u00edmos para o seu desenvolvimento.<\/li>\n<\/ul>\n<p>&nbsp;<\/p>\n","protected":false},"excerpt":{"rendered":"<p>O Voluntariado no Observat\u00f3rio Aeroespacial AMSAT-CT Como outros organismos associativos sem fins lucrativos que funcionam das contribui\u00e7\u00f5es e compet\u00eancias volunt\u00e1rias dos associados. Tamb\u00e9m a AMSAT-CT carece de volunt\u00e1rios com diferentes graus de qualifica\u00e7\u00e3o. Caso se sinta motivado e habilitado nas \u00e1reas tem\u00e1ticas e tecnol\u00f3gicas que aqui versamos; Caso deseje ser parte activa da obra associativa [&hellip;]<\/p>\n","protected":false},"author":1,"featured_media":0,"parent":0,"menu_order":0,"comment_status":"open","ping_status":"open","template":"","meta":{"footnotes":""},"class_list":["post-2005","page","type-page","status-publish","hentry"],"_links":{"self":[{"href":"https:\/\/www.amsat-ct.pt\/index.php?rest_route=\/wp\/v2\/pages\/2005","targetHints":{"allow":["GET"]}}],"collection":[{"href":"https:\/\/www.amsat-ct.pt\/index.php?rest_route=\/wp\/v2\/pages"}],"about":[{"href":"https:\/\/www.amsat-ct.pt\/index.php?rest_route=\/wp\/v2\/types\/page"}],"author":[{"embeddable":true,"href":"https:\/\/www.amsat-ct.pt\/index.php?rest_route=\/wp\/v2\/users\/1"}],"replies":[{"embeddable":true,"href":"https:\/\/www.amsat-ct.pt\/index.php?rest_route=%2Fwp%2Fv2%2Fcomments&post=2005"}],"version-history":[{"count":6,"href":"https:\/\/www.amsat-ct.pt\/index.php?rest_route=\/wp\/v2\/pages\/2005\/revisions"}],"predecessor-version":[{"id":2015,"href":"https:\/\/www.amsat-ct.pt\/index.php?rest_route=\/wp\/v2\/pages\/2005\/revisions\/2015"}],"wp:attachment":[{"href":"https:\/\/www.amsat-ct.pt\/index.php?rest_route=%2Fwp%2Fv2%2Fmedia&parent=2005"}],"curies":[{"name":"wp","href":"https:\/\/api.w.org\/{rel}","templated":true}]}}