{"id":1432,"date":"2015-02-03T14:27:32","date_gmt":"2015-02-03T14:27:32","guid":{"rendered":"http:\/\/www.amsat-ct.pt\/?page_id=1432"},"modified":"2021-12-19T09:18:23","modified_gmt":"2021-12-19T09:18:23","slug":"ligacoes","status":"publish","type":"page","link":"https:\/\/www.amsat-ct.pt\/?page_id=1432","title":{"rendered":"Liga\u00e7\u00f5es"},"content":{"rendered":"<p><strong>Organismos Nacionais e Internacionais da Administra\u00e7\u00e3o das Telecomunica\u00e7\u00f5es e Radiocomunica\u00e7\u00f5es<\/strong><\/p>\n<p><a href=\"http:\/\/www.anacom.pt\/\">ANACOM \u2013 Autoridade Nacional de Comunica\u00e7\u00f5es;<\/a><\/p>\n<p><a href=\"http:\/\/www.cept.org\/cept\/\">CEPT &#8211; European Conference of Postal and Telecommunications Administrations;<\/a><\/p>\n<p><a href=\"http:\/\/www.cept.org\/cept\/\">URSI &#8211; Uni\u00e3o Radiocient\u00edfica Internacional;<\/a><\/p>\n<p><a href=\"http:\/\/www.anacom.pt\/render.jsp?categoryId=127099#.VPBsfthybbg\">URSI &#8211; Comit\u00e9 Portugu\u00eas da Uni\u00e3o Radiocient\u00edfica Internacional;<\/a><\/p>\n<p><a href=\"http:\/\/www.cept.org\/cept\/\">ITU Radiocommunication;<\/a><\/p>\n<p><a href=\"http:\/\/www.qrz.com\/\">QRZ &#8211; Base Dados Mundial das Esta\u00e7\u00f5es de Amador e Amador por Sat\u00e9lite<\/a><\/p>\n<p style=\"text-align: justify;\"><strong>Liga\u00e7\u00f5es de Refer\u00eancia a p\u00e1ginas na <em>World Wide Web<\/em>, criadas e mantidas por Radioamadores, com contributos de todo o Mundo.<\/strong><\/p>\n<p style=\"text-align: justify;\"><a href=\"http:\/\/www.dd1us.de\/\">Sounds from Space (DD1US)<\/a><\/p>\n<p style=\"text-align: justify;\"><a href=\"https:\/\/www.pe0sat.vgnet.nl\/decoding\/tlm-decoding-software\/dk3wn\/\">Amateur Radio Satellites (DK3WN)<\/a><\/p>\n<p style=\"text-align: justify;\"><a href=\"https:\/\/www.pe0sat.vgnet.nl\/decoding\/satellite-telemetry\/sound-card-modem\/\">Telemetry Software (DK3WN)<\/a><\/p>\n<p style=\"text-align: justify;\"><a title=\"Amateur Radio \u2013 PE\u00d8SAT\" href=\"http:\/\/www.pe0sat.vgnet.nl\/\" rel=\"home\">Amateur Radio \u2013 PE\u00d8SAT<\/a><\/p>\n<p style=\"text-align: justify;\"><a href=\"http:\/\/www.camras.nl\/\">The CAMRAS Foundation (EME)<\/a><\/p>\n<p style=\"text-align: justify;\"><a href=\"http:\/\/www.qsl.net\/pe1rdp\/\">PE1RDP EME Moonbounce<\/a><\/p>\n<p style=\"text-align: justify;\"><a href=\"https:\/\/www.pskreporter.info\/pskmapn.html\">Monitor PSK<\/a><\/p>\n<p style=\"text-align: justify;\"><a href=\"http:\/\/physics.princeton.edu\/pulsar\/k1jt\/index.html\">Weak Signal Communication<\/a><\/p>\n<p style=\"text-align: justify;\"><a href=\"http:\/\/www.geo-web.org.uk\/index.php\">Weather Satellite and Earth Observation (NGO)<\/a><\/p>\n<p style=\"text-align: justify;\"><a href=\"http:\/\/www.batc.org.uk\/\">BATC (Televis\u00e3o de Amador)<\/a><\/p>\n<p style=\"text-align: justify;\"><strong>Propaga\u00e7\u00e3o Global e Clima Espacial:<\/strong><\/p>\n<p style=\"text-align: justify;\"><a href=\"http:\/\/www.spaceweather.com\/\">Space Weather<\/a><\/p>\n<p style=\"text-align: justify;\"><a href=\"http:\/\/dx.qsl.net\/propagation\/\">Indicadores sobre a Propaga\u00e7\u00e3o<\/a><\/p>\n<p style=\"text-align: justify;\"><a href=\"http:\/\/www.qslnet.de\/member\/hb9tlk\/hamweb.html\">Localiza\u00e7\u00e3o Mundial de Esta\u00e7\u00f5es de Amador (por indicativos de chamada)<\/a><\/p>\n<p style=\"text-align: justify;\"><strong>Ag\u00eancias Espaciais:<\/strong><\/p>\n<p style=\"text-align: justify;\"><a href=\"http:\/\/www.esa.int\/por\/ESA_in_your_country\/Portugal\">ESA (em portugu\u00eas)<\/a><\/p>\n<p style=\"text-align: justify;\"><a href=\"http:\/\/www.nasa.gov\/\">NASA<\/a><\/p>\n<p style=\"text-align: justify;\"><a href=\"http:\/\/www.energia.ru\/english\/\">Russian Space Corporation \u00abENERGIA\u00bb<\/a><\/p>\n<p style=\"text-align: justify;\"><a href=\"http:\/\/global.jaxa.jp\/\">JAXA<\/a><\/p>\n<p style=\"text-align: justify;\"><a href=\"http:\/\/www.asc-csa.gc.ca\/eng\/\">CSA<\/a><\/p>\n","protected":false},"excerpt":{"rendered":"<p>Organismos Nacionais e Internacionais da Administra\u00e7\u00e3o das Telecomunica\u00e7\u00f5es e Radiocomunica\u00e7\u00f5es ANACOM \u2013 Autoridade Nacional de Comunica\u00e7\u00f5es; CEPT &#8211; European Conference of Postal and Telecommunications Administrations; URSI &#8211; Uni\u00e3o Radiocient\u00edfica Internacional; URSI &#8211; Comit\u00e9 Portugu\u00eas da Uni\u00e3o Radiocient\u00edfica Internacional; ITU Radiocommunication; QRZ &#8211; Base Dados Mundial das Esta\u00e7\u00f5es de Amador e Amador por Sat\u00e9lite Liga\u00e7\u00f5es de [&hellip;]<\/p>\n","protected":false},"author":1,"featured_media":0,"parent":0,"menu_order":0,"comment_status":"open","ping_status":"open","template":"","meta":{"footnotes":""},"class_list":["post-1432","page","type-page","status-publish","hentry"],"_links":{"self":[{"href":"https:\/\/www.amsat-ct.pt\/index.php?rest_route=\/wp\/v2\/pages\/1432","targetHints":{"allow":["GET"]}}],"collection":[{"href":"https:\/\/www.amsat-ct.pt\/index.php?rest_route=\/wp\/v2\/pages"}],"about":[{"href":"https:\/\/www.amsat-ct.pt\/index.php?rest_route=\/wp\/v2\/types\/page"}],"author":[{"embeddable":true,"href":"https:\/\/www.amsat-ct.pt\/index.php?rest_route=\/wp\/v2\/users\/1"}],"replies":[{"embeddable":true,"href":"https:\/\/www.amsat-ct.pt\/index.php?rest_route=%2Fwp%2Fv2%2Fcomments&post=1432"}],"version-history":[{"count":25,"href":"https:\/\/www.amsat-ct.pt\/index.php?rest_route=\/wp\/v2\/pages\/1432\/revisions"}],"predecessor-version":[{"id":2509,"href":"https:\/\/www.amsat-ct.pt\/index.php?rest_route=\/wp\/v2\/pages\/1432\/revisions\/2509"}],"wp:attachment":[{"href":"https:\/\/www.amsat-ct.pt\/index.php?rest_route=%2Fwp%2Fv2%2Fmedia&parent=1432"}],"curies":[{"name":"wp","href":"https:\/\/api.w.org\/{rel}","templated":true}]}}