{"id":1242,"date":"2015-02-01T14:56:43","date_gmt":"2015-02-01T14:56:43","guid":{"rendered":"http:\/\/www.amsat-ct.pt\/?page_id=1242"},"modified":"2021-12-19T11:03:53","modified_gmt":"2021-12-19T11:03:53","slug":"amsat-europa","status":"publish","type":"page","link":"https:\/\/www.amsat-ct.pt\/?page_id=1242","title":{"rendered":"AMSAT&#8217;s NO MUNDO"},"content":{"rendered":"[vc_row][vc_column][vc_column_text css=&#8221;.vc_custom_1563899300392{margin-bottom: 0px !important;}&#8221;]<a href=\"http:\/\/www.amsat.org\/?page_id=5618\">Saiba mais em <\/a><strong><a href=\"http:\/\/www.amsat.org\/?page_id=5618\">AMSAT-NA<\/a><\/strong> (AMSATs Around the World):<\/p>\n<p>\u00a0<\/p>\n<p><a href=\"https:\/\/www.amsat.org\/\"><strong>AMSAT<\/strong><\/a> (Am\u00e9rica do Norte)<\/p>\n<p><a href=\"http:\/\/www.amsat-br.org\/\"><strong>AMSAT-BR<\/strong><\/a> (Brasil)<\/p>\n<p><a href=\"http:\/\/www.amsat-ce.org\/\"><strong>AMSAT-CE<\/strong><\/a> (Chile)<\/p>\n<p><a href=\"https:\/\/www.amsat-ct.pt\"><strong>AMSAT-CT<\/strong><\/a> (Portugal)<\/p>\n<h6><span style=\"color: #ff0000;\"><strong>AMSAT-CT (Associa\u00e7\u00e3o Observat\u00f3rio Aeroespacial Amadores Sat\u00e9lite &#8211; CT)<\/strong><\/span><br \/><strong>Rua 7 Junho, n.\u00ba3<\/strong><br \/><strong>2730-174 BARCARENA<\/strong><br \/><strong>PORTUGAL<\/strong><\/h6>\n<p>E-mail: <a href=\"https:\/\/www.amsat-ct.pt\/?page_id=118\">(contactos \u2013 www.amsat-ct.pt)<\/a><\/p>\n<p><a href=\"http:\/\/www.amsat-dl.org\/\"><strong>AMSAT-DL<\/strong><\/a> (Alemanha)<\/p>\n<p><a href=\"https:\/\/www.facebook.com\/groups\/amsatdu\/\"><strong>AMSAT-DU<\/strong><\/a> (Filipinas)<\/p>\n<p><a href=\"http:\/\/www.ea.amsat.org\/\"><strong>AMSAT-EA<\/strong><\/a> (Espanha)<\/p>\n<p><a href=\"http:\/\/www.amsat-f.org\/\"><strong>AMSAT-Francophone<\/strong><\/a> (Fran\u00e7a)<\/p>\n<p><a href=\"https:\/\/www.amsat-hb.org\/\"><strong>AMSAT-HB<\/strong><\/a> (Sui\u00e7a)<\/p>\n<p><a href=\"http:\/\/www.amsat-id.org\/\"><strong>AMSAT-ID<\/strong><\/a> (Indon\u00e9sia)<\/p>\n<p><a href=\"http:\/\/www.amsat.ie\/\"><strong>AMSAT-IE<\/strong><\/a> (Irlanda)<\/p>\n<p><a href=\"http:\/\/www.amsat.it\/\"><strong>AMSAT- I<\/strong><\/a>\u00a0(It\u00e1lia)<\/p>\n<p><a href=\"https:\/\/translate.google.com\/translate?sl=auto&amp;tl=en&amp;js=y&amp;prev=_t&amp;hl=en&amp;ie=UTF-8&amp;u=http%3A%2F%2Fwww.jamsat.or.jp&amp;edit-text=\"><strong>AMSAT-JP<\/strong><\/a> (Jap\u00e3o)<\/p>\n<p><a href=\"http:\/\/www.amsat.org.ar\/\"><strong>AMSAT-LU<\/strong><\/a> (Argentina)<\/p>\n<p><a href=\"http:\/\/www.amsat-nl.org\/\"><strong>AMSAT-NL<\/strong><\/a> (Holanda)<\/p>\n<p><a href=\"https:\/\/rats.fi\/\"><strong>AMSAT-OH <\/strong><\/a>(Fil\u00e2ndia)<\/p>\n<p><a href=\"http:\/\/www.amsat-on.be\/\"><strong>AMSAT-ON<\/strong><\/a> (B\u00e9lgica)<\/p>\n<p><a href=\"https:\/\/www.amsat.dk\/\"><strong>AMSAT-OZ<\/strong><\/a> (Dinamarca)<\/p>\n<p><a href=\"http:\/\/www.radioamadores.net\/\"><strong>AMSAT-PO<\/strong><\/a> (Portugal)<\/p>\n<p><a href=\"http:\/\/www.amsatsa.org.za\/\"><strong>AMSAT-SA<\/strong><\/a><strong> \u00a0<\/strong>(\u00c1frica do Sul)<\/p>\n<p><a href=\"http:\/\/www.amsat.se\/\"><strong>AMSAT-SM<\/strong><\/a> (Su\u00e9cia)<\/p>\n<p><a href=\"http:\/\/www.amsat-uk.org\/\"><strong>AMSAT-UK<\/strong><\/a> (Reino Unido)<\/p>\n<p><a href=\"http:\/\/www.amsat-vk.org\/\"><strong>AMSAT-VK <\/strong><\/a>(Austr\u00e1lia)<\/p>\n<p><a href=\"http:\/\/www.tamsat.org.tr\/\"><strong>TAMSAT<\/strong> <\/a>(Turquia)<\/p>\n<p><a href=\"http:\/\/www.amsat-yv.org\/\"><strong>AMSAT-YV <\/strong><\/a>(Venezuela)<\/p>\n<p><a href=\"http:\/\/www.amsat-zl.org.nz\/\"><strong>AMSAT-ZL <\/strong><\/a>(Nova Zel\u00e2ndia)<\/p>\n<p>\u00a0<\/p>\n[\/vc_column_text][\/vc_column][\/vc_row]\n\n\n<p><\/p>\n","protected":false},"excerpt":{"rendered":"<p>[vc_row][vc_column][vc_column_text css=&#8221;.vc_custom_1563899300392{margin-bottom: 0px !important;}&#8221;]Saiba mais em AMSAT-NA (AMSATs Around the World): \u00a0 AMSAT (Am\u00e9rica do Norte) AMSAT-BR (Brasil) AMSAT-CE (Chile) AMSAT-CT (Portugal) AMSAT-CT (Associa\u00e7\u00e3o Observat\u00f3rio Aeroespacial Amadores Sat\u00e9lite &#8211; CT)Rua 7 Junho, n.\u00ba32730-174 BARCARENAPORTUGAL E-mail: (contactos \u2013 www.amsat-ct.pt) AMSAT-DL (Alemanha) AMSAT-DU (Filipinas) AMSAT-EA (Espanha) AMSAT-Francophone (Fran\u00e7a) AMSAT-HB (Sui\u00e7a) AMSAT-ID (Indon\u00e9sia) AMSAT-IE (Irlanda) AMSAT- I\u00a0(It\u00e1lia) AMSAT-JP [&hellip;]<\/p>\n","protected":false},"author":1,"featured_media":0,"parent":1034,"menu_order":0,"comment_status":"open","ping_status":"open","template":"","meta":{"footnotes":""},"class_list":["post-1242","page","type-page","status-publish","hentry"],"_links":{"self":[{"href":"https:\/\/www.amsat-ct.pt\/index.php?rest_route=\/wp\/v2\/pages\/1242","targetHints":{"allow":["GET"]}}],"collection":[{"href":"https:\/\/www.amsat-ct.pt\/index.php?rest_route=\/wp\/v2\/pages"}],"about":[{"href":"https:\/\/www.amsat-ct.pt\/index.php?rest_route=\/wp\/v2\/types\/page"}],"author":[{"embeddable":true,"href":"https:\/\/www.amsat-ct.pt\/index.php?rest_route=\/wp\/v2\/users\/1"}],"replies":[{"embeddable":true,"href":"https:\/\/www.amsat-ct.pt\/index.php?rest_route=%2Fwp%2Fv2%2Fcomments&post=1242"}],"version-history":[{"count":30,"href":"https:\/\/www.amsat-ct.pt\/index.php?rest_route=\/wp\/v2\/pages\/1242\/revisions"}],"predecessor-version":[{"id":2530,"href":"https:\/\/www.amsat-ct.pt\/index.php?rest_route=\/wp\/v2\/pages\/1242\/revisions\/2530"}],"up":[{"embeddable":true,"href":"https:\/\/www.amsat-ct.pt\/index.php?rest_route=\/wp\/v2\/pages\/1034"}],"wp:attachment":[{"href":"https:\/\/www.amsat-ct.pt\/index.php?rest_route=%2Fwp%2Fv2%2Fmedia&parent=1242"}],"curies":[{"name":"wp","href":"https:\/\/api.w.org\/{rel}","templated":true}]}}