{"id":101,"date":"2015-01-20T11:49:33","date_gmt":"2015-01-20T11:49:33","guid":{"rendered":"http:\/\/www.amsat-ct.pt\/?page_id=101"},"modified":"2015-01-26T17:49:14","modified_gmt":"2015-01-26T17:49:14","slug":"estatutos","status":"publish","type":"page","link":"https:\/\/www.amsat-ct.pt\/?page_id=101","title":{"rendered":"Estatutos"},"content":{"rendered":"<p style=\"text-align: center;\"><a href=\"https:\/\/www.amsat-ct.pt\/wp-content\/uploads\/2015\/01\/logo_4-observatorio.png\"><img loading=\"lazy\" decoding=\"async\" class=\"alignnone  wp-image-283\" src=\"https:\/\/www.amsat-ct.pt\/wp-content\/uploads\/2015\/01\/logo_4-observatorio-300x294.png\" alt=\"logo_amsat-ct_associacao\" width=\"166\" height=\"163\" srcset=\"https:\/\/www.amsat-ct.pt\/wp-content\/uploads\/2015\/01\/logo_4-observatorio-300x294.png 300w, https:\/\/www.amsat-ct.pt\/wp-content\/uploads\/2015\/01\/logo_4-observatorio-1024x1003.png 1024w, https:\/\/www.amsat-ct.pt\/wp-content\/uploads\/2015\/01\/logo_4-observatorio.png 1150w\" sizes=\"auto, (max-width: 166px) 100vw, 166px\" \/><\/a><\/p>\n<p style=\"text-align: center;\"><strong><span style=\"color: #000080;\">ESTATUTOS<\/span><\/strong><\/p>\n<p style=\"text-align: center;\"><strong><span style=\"color: #000080;\">Denomina\u00e7\u00e3o, sede e dura\u00e7\u00e3o<\/span><\/strong><\/p>\n<ol>\n<li style=\"text-align: justify;\">A associa\u00e7\u00e3o, sem fins lucrativos adopta a denomina\u00e7\u00e3o de Associa\u00e7\u00e3o OBSERVAT\u00d3RIO AEROESPACIAL Amadores de Sat\u00e9lite-CT, e tem a sede na Rua 7 de Junho, n.\u00ba 3, Bloco A, R\/C, 2730-174 Barcarena, freguesia de Barcarena, concelho de Oeiras, e constitui-se por tempo indeterminado.<\/li>\n<li style=\"text-align: justify;\">A Associa\u00e7\u00e3o tem o n\u00famero de pessoa colectiva (NIPC) 513338276 e o n\u00famero de identifica\u00e7\u00e3o da seguran\u00e7a social (NISS) 25133382765.<\/li>\n<\/ol>\n<p style=\"text-align: center;\">\n<p style=\"text-align: center;\"><strong><span style=\"color: #000080;\">Finalidades<\/span><\/strong><\/p>\n<p style=\"text-align: justify;\">A Associa\u00e7\u00e3o tem por fim:<\/p>\n<ol>\n<li style=\"text-align: justify;\">Agrupar e organizar cidad\u00e3os volunt\u00e1rios titulares do CAN (certificado de amador nacional), qualificados t\u00e9cnica e cientificamente, reconhecidos segundo os princ\u00edpios expressos nos regulamentos das radiocomunica\u00e7\u00f5es em vigor, anexos \u00e0 Conven\u00e7\u00e3o Internacional das Telecomunica\u00e7\u00f5es, consubstanciados nas recomenda\u00e7\u00f5es da Confer\u00eancia Europeia de Correios e Telecomunica\u00e7\u00f5es (CEPT), de que Portugal \u00e9 signat\u00e1rio;<\/li>\n<li style=\"text-align: justify;\">Integrar, educar e qualificar os jovens, despertos ou dedicados ao estudo e pr\u00e1tica das ci\u00eancias, designadamente das radiocomunica\u00e7\u00f5es, radioastronomia e tecnologias aeroespaciais, electr\u00f3nica, optoelectr\u00f3nica, inform\u00e1tica, f\u00edsica e astrof\u00edsica, atrav\u00e9s de qualquer um dos seus aspectos e manifesta\u00e7\u00f5es culturais, tecnol\u00f3gicas e cient\u00edficas;<\/li>\n<li style=\"text-align: justify;\">Promover a qualifica\u00e7\u00e3o funcional e t\u00e9cnica de jovens em idade escolar ou \u00e0 procura do primeiro emprego;<\/li>\n<li style=\"text-align: justify;\">Promover a cria\u00e7\u00e3o de espa\u00e7os ocupacionais ou culturais alternativos, enquanto estruturas suscept\u00edveis de elevar a cultura cient\u00edfica e sustentar factores de protec\u00e7\u00e3o e integra\u00e7\u00e3o social, igualmente dirigidos a crian\u00e7as e jovens menos favorecidos;<\/li>\n<li style=\"text-align: justify;\">Promover novas formas de ensino e divulga\u00e7\u00e3o das ci\u00eancias radioel\u00e9ctricas, atrav\u00e9s de aplica\u00e7\u00f5es tecnol\u00f3gicas e ensino experimental das ci\u00eancias;<\/li>\n<li style=\"text-align: justify;\">Colaborar e intervir, com o apoio e participa\u00e7\u00e3o das entidades oficiais, da administra\u00e7\u00e3o central ou local, sobre mat\u00e9rias dedicadas \u00e0 educa\u00e7\u00e3o, qualifica\u00e7\u00e3o e voluntariado c\u00edvico, incluindo a pr\u00e1tica das radiocomunica\u00e7\u00f5es e outras actividades a estas ligadas, no quadro da protec\u00e7\u00e3o e defesa civil e ainda do radioescutismo;<\/li>\n<li style=\"text-align: justify;\">Organizar a ac\u00e7\u00e3o volunt\u00e1ria, c\u00edvica e humanit\u00e1ria de volunt\u00e1rios, no \u00e2mbito do radioamadorismo (servi\u00e7o de amador e amador por sat\u00e9lite), de molde a que sejam criadas e sustentadas estruturas de interesse p\u00fablico, como meios t\u00e9cnicos, meios de qualifica\u00e7\u00e3o e treino, capazes de intervir, caso ocorram, situa\u00e7\u00f5es de calamidade e desastres naturais;<\/li>\n<li style=\"text-align: justify;\">Fomentar formas end\u00f3genas de desenvolvimento local e regional, divulgar estudos e processos t\u00e9cnicos que envolvam disciplinas das ci\u00eancias da r\u00e1dio, aeroespaciais e astrof\u00edsicas, a inform\u00e1tica e as comunica\u00e7\u00f5es em geral;<\/li>\n<li style=\"text-align: justify;\">Criar meios t\u00e9cnicos e manter sistemas electr\u00f3nicos e radioel\u00e9ctricos, sejam anal\u00f3gicos e digitais, emissores, receptores, repetidores, radiobalizas, simula\u00e7\u00e3o de sat\u00e9lites em voo sub-orbital com bal\u00f5es estratosf\u00e9ricos e sat\u00e9lites remotos e tripulados, no \u00e2mbito do servi\u00e7o de amador, mediante actividades que prossigam exclusivamente fins educativos, c\u00edvicos, humanit\u00e1rios, tecnol\u00f3gicos e cient\u00edficos legalmente permitidos;<\/li>\n<li style=\"text-align: justify;\">Promover por si s\u00f3, ou em colabora\u00e7\u00e3o com a administra\u00e7\u00e3o central e local, incluindo a participa\u00e7\u00e3o de associa\u00e7\u00f5es cong\u00e9neres de radioamadorismo e radioescutismo, nacionais ou estrangeiras, ou outros organismos afins, p\u00fablicos ou privados, quaisquer formas de eleva\u00e7\u00e3o civilizacional, de coopera\u00e7\u00e3o e desenvolvimento t\u00e9cnico com outros pa\u00edses e povos;<\/li>\n<li style=\"text-align: justify;\">Promover e sustentar sinergias institucionais, p\u00fablicas ou privadas, suscept\u00edveis de integrar os radioamadores portugueses no desenvolvimento e estudo das tecnologias espaciais, navega\u00e7\u00e3o e propuls\u00e3o, comunica\u00e7\u00f5es aeroespaciais, radioastronomia e teledetec\u00e7\u00e3o ambiental e atmosf\u00e9rica;<\/li>\n<li style=\"text-align: justify;\">Contribuir sempre para elevar e promover a Cultura Cient\u00edfica e Tecnol\u00f3gica em Portugal, privilegiando os estabelecimentos de ensino, atrav\u00e9s de actividades de voluntariado focadas na divulga\u00e7\u00e3o, na ocupa\u00e7\u00e3o de tempos livres e qualifica\u00e7\u00e3o funcional ou t\u00e9cnica dos jovens e dos cidad\u00e3os em geral.<\/li>\n<\/ol>\n<div id=\"attachment_285\" style=\"width: 352px\" class=\"wp-caption aligncenter\"><a href=\"https:\/\/www.amsat-ct.pt\/wp-content\/uploads\/2015\/01\/organigrama1.png\"><img loading=\"lazy\" decoding=\"async\" aria-describedby=\"caption-attachment-285\" class=\"wp-image-285 \" src=\"https:\/\/www.amsat-ct.pt\/wp-content\/uploads\/2015\/01\/organigrama1-300x188.png\" alt=\"organigrama1\" width=\"342\" height=\"214\" srcset=\"https:\/\/www.amsat-ct.pt\/wp-content\/uploads\/2015\/01\/organigrama1-300x188.png 300w, https:\/\/www.amsat-ct.pt\/wp-content\/uploads\/2015\/01\/organigrama1-1024x642.png 1024w, https:\/\/www.amsat-ct.pt\/wp-content\/uploads\/2015\/01\/organigrama1.png 1801w\" sizes=\"auto, (max-width: 342px) 100vw, 342px\" \/><\/a><p id=\"caption-attachment-285\" class=\"wp-caption-text\">ORGANOGRAMA<\/p><\/div>\n<p style=\"text-align: center;\">\n","protected":false},"excerpt":{"rendered":"<p>ESTATUTOS Denomina\u00e7\u00e3o, sede e dura\u00e7\u00e3o A associa\u00e7\u00e3o, sem fins lucrativos adopta a denomina\u00e7\u00e3o de Associa\u00e7\u00e3o OBSERVAT\u00d3RIO AEROESPACIAL Amadores de Sat\u00e9lite-CT, e tem a sede na Rua 7 de Junho, n.\u00ba 3, Bloco A, R\/C, 2730-174 Barcarena, freguesia de Barcarena, concelho de Oeiras, e constitui-se por tempo indeterminado. A Associa\u00e7\u00e3o tem o n\u00famero de pessoa colectiva [&hellip;]<\/p>\n","protected":false},"author":2,"featured_media":0,"parent":19,"menu_order":0,"comment_status":"open","ping_status":"open","template":"","meta":{"footnotes":""},"class_list":["post-101","page","type-page","status-publish","hentry"],"_links":{"self":[{"href":"https:\/\/www.amsat-ct.pt\/index.php?rest_route=\/wp\/v2\/pages\/101","targetHints":{"allow":["GET"]}}],"collection":[{"href":"https:\/\/www.amsat-ct.pt\/index.php?rest_route=\/wp\/v2\/pages"}],"about":[{"href":"https:\/\/www.amsat-ct.pt\/index.php?rest_route=\/wp\/v2\/types\/page"}],"author":[{"embeddable":true,"href":"https:\/\/www.amsat-ct.pt\/index.php?rest_route=\/wp\/v2\/users\/2"}],"replies":[{"embeddable":true,"href":"https:\/\/www.amsat-ct.pt\/index.php?rest_route=%2Fwp%2Fv2%2Fcomments&post=101"}],"version-history":[{"count":11,"href":"https:\/\/www.amsat-ct.pt\/index.php?rest_route=\/wp\/v2\/pages\/101\/revisions"}],"predecessor-version":[{"id":760,"href":"https:\/\/www.amsat-ct.pt\/index.php?rest_route=\/wp\/v2\/pages\/101\/revisions\/760"}],"up":[{"embeddable":true,"href":"https:\/\/www.amsat-ct.pt\/index.php?rest_route=\/wp\/v2\/pages\/19"}],"wp:attachment":[{"href":"https:\/\/www.amsat-ct.pt\/index.php?rest_route=%2Fwp%2Fv2%2Fmedia&parent=101"}],"curies":[{"name":"wp","href":"https:\/\/api.w.org\/{rel}","templated":true}]}}